{"id":509,"date":"2020-11-15T12:15:54","date_gmt":"2020-11-15T12:15:54","guid":{"rendered":"https:\/\/festive-borg.5-196-26-209.plesk.page-v2\/demo2\/?page_id=509"},"modified":"2023-04-02T09:05:59","modified_gmt":"2023-04-02T09:05:59","slug":"faq","status":"publish","type":"page","link":"https:\/\/lavanderiabrillo.es\/?page_id=509","title":{"rendered":"FAQ"},"content":{"rendered":"\t\t<div data-elementor-type=\"wp-page\" data-elementor-id=\"509\" class=\"elementor elementor-509\">\r\n\t\t\t\t\t\t\t\t\t<section class=\"elementor-section elementor-top-section elementor-element elementor-element-1ac9152 elementor-section-full_width elementor-section-height-default elementor-section-height-default\" data-id=\"1ac9152\" data-element_type=\"section\">\r\n\t\t\t\t\t\t<div class=\"elementor-container elementor-column-gap-no\">\r\n\t\t\t\t\t<div class=\"elementor-column elementor-col-100 elementor-top-column elementor-element elementor-element-d5543f7\" data-id=\"d5543f7\" data-element_type=\"column\">\r\n\t\t\t<div class=\"elementor-widget-wrap elementor-element-populated\">\r\n\t\t\t\t\t\t\t\t<div class=\"elementor-element elementor-element-7fcb4ea elementor-widget elementor-widget-laundry_faq\" data-id=\"7fcb4ea\" data-element_type=\"widget\" data-widget_type=\"laundry_faq.default\">\r\n\t\t\t\t<div class=\"elementor-widget-container\">\r\n\t\t\t \r\n\t\t<div class=\"section-indent\">\r\n\t\t\t<div class=\"container container-fluid-lg\">\r\n\t\t\t\t<div class=\"title-block text-center\">\r\n\t\t\t\t\t<div class=\"title-block__label\">\r\n\t\t\t\t\t\tPreguntas Frecuentes\t\t\t\t\t<\/div>\r\n\t\t\t\t\t<h4 class=\"title-block__title\">\r\n\t\t\t\t\tRespuestas a las Preguntas m\u00e1s Frecuentes\t\t\t\t\t<\/h4>\r\n\t\t\t\t\t<div class=\"title-block__text tt-limit-width03\">\r\n\t\t\t\t\tPodemos ahorrarle dinero en jab\u00f3n, agua, calefacci\u00f3n y electricidad. Para que puedas disfrutar a\u00fan m\u00e1s de las cosas que amas. Nuestros precios son simples y asequibles.\t\t\t\t\t<\/div>\r\n\t\t\t\t<\/div>\r\n\t\t\t\t<div class=\"row-indent-top\">\r\n\t\t\t\t\t<h6 class=\"tt-subtitle\">Your First Order!<\/h6>\r\n\t\t\t\t\t\r\n\t\t\t\t\t<div class=\"row\">\r\n\t\t\t\t\t\t<div class=\"col-md-6\">\r\n\t\t\t\t\t\t\t<div class=\"js-accordeon accordeon-01\">\r\n\t\t\t\t\t\t\t\t\t\t\t\t\t\t\t<div class=\"tt-item tt-item__open\">\r\n\t\t\t\t\t\t\t\t\t<div class=\"tt-item__title\">\u00bfCu\u00e1l es la capacidad de procesamiento de Lavander\u00eda Brillo?<\/div>\r\n\t\t\t\t\t\t\t\t\t<div class=\"tt-item__content\">\r\n\t\t\t\t\t\t\t\t\tLavander\u00eda Brillo tiene la capacidad de procesar grandes vol\u00famenes de ropa diariamente, lo que la convierte en una excelente opci\u00f3n para hoteles, gimnasios y restaurantes de gran tama\u00f1o.\t\t\t\t\t\t\t\t\t<\/div>\r\n\t\t\t\t\t\t\t\t<\/div> \r\n\t\t\t\t\t\t\t\t\t\t\t\t\t\t\t\t<div class=\"tt-item \">\r\n\t\t\t\t\t\t\t\t\t<div class=\"tt-item__title\">\u00bfC\u00f3mo garantizan la calidad y la limpieza de la ropa lavada?<\/div>\r\n\t\t\t\t\t\t\t\t\t<div class=\"tt-item__content\">\r\n\t\t\t\t\t\t\t\t\tEn Lavander\u00eda Brillo utilizamos tecnolog\u00eda avanzada y productos de alta calidad para asegurar una limpieza \u00f3ptima. Adem\u00e1s, tambi\u00e9n utilizamos ozono para desinfectar y eliminar cualquier tipo de bacteria o virus.\t\t\t\t\t\t\t\t\t<\/div>\r\n\t\t\t\t\t\t\t\t<\/div> \r\n\t\t\t\t\t\t\t\t\t\t\t\t\t\t\t\t<div class=\"tt-item \">\r\n\t\t\t\t\t\t\t\t\t<div class=\"tt-item__title\">\u00bfCu\u00e1les son los plazos de entrega?<\/div>\r\n\t\t\t\t\t\t\t\t\t<div class=\"tt-item__content\">\r\n\t\t\t\t\t\t\t\t\tEn Lavander\u00eda Brillo nos esforzamos por proporcionar entregas r\u00e1pidas y puntuales. Los plazos de entrega pueden variar dependiendo del volumen de ropa y la ubicaci\u00f3n del cliente, pero siempre trabajamos para cumplir con los plazos acordados con el cliente.\t\t\t\t\t\t\t\t\t<\/div>\r\n\t\t\t\t\t\t\t\t<\/div> \r\n\t\t\t\t\t\t\t\t \r\n\t\t\t\t\t\t\t<\/div>\r\n\t\t\t\t\t\t<\/div>\r\n\t\t\t\t\t\t<div class=\"divider-xs d-block d-md-none\"><\/div>\r\n\t\t\t\t\t\t<div class=\"col-md-6\">\r\n\t\t\t\t\t\t\t\t\t\t\t\t\t\t<div class=\"js-accordeon accordeon-01\">\r\n\t\t\t\t\t\t\t\t\t\t\t\t\t\t\t\t<div class=\"tt-item tt-item__open\">\r\n\t\t\t\t\t\t\t\t\t<div class=\"tt-item__title\">\u00bfQu\u00e9 tipo de prendas se pueden lavar en Lavander\u00eda Brillo?<\/div>\r\n\t\t\t\t\t\t\t\t\t<div class=\"tt-item__content\">\r\n\t\t\t\t\t\t\t\t\tEn Lavander\u00eda Brillo contamos con maquinaria de \u00faltima generaci\u00f3n que nos permite lavar una amplia variedad de prendas, incluyendo ropa de cama, toallas, manteles, uniformes, cortinas, entre otras. Adem\u00e1s, utilizamos productos de alta calidad y t\u00e9cnicas de lavado especializadas para garantizar que todas las prendas sean tratadas con cuidado y se mantengan en \u00f3ptimas condiciones. Si tienes alguna duda sobre un tipo de prenda en particular, no dudes en consultarnos y te asesoraremos de manera personalizada.\t\t\t\t\t\t\t\t\t<\/div>\r\n\t\t\t\t\t\t\t\t<\/div> \r\n\t\t\t\t\t\t\t\t\t\t\t\t\t\t\t\t<div class=\"tt-item \">\r\n\t\t\t\t\t\t\t\t\t<div class=\"tt-item__title\">\u00bfC\u00f3mo se calcula el precio del servicio?<\/div>\r\n\t\t\t\t\t\t\t\t\t<div class=\"tt-item__content\">\r\n\t\t\t\t\t\t\t\t\tEl precio se basa en el peso de la ropa al final del proceso de lavado, lo que permite un ahorro significativo al no incluir el peso de la ropa h\u00fameda y asegura un precio justo para cada cliente.\t\t\t\t\t\t\t\t\t<\/div>\r\n\t\t\t\t\t\t\t\t<\/div> \r\n\t\t\t\t\t\t\t\t \r\n\t\t\t\t\t\t\t<\/div>\r\n\t\t\t\t\t\t<\/div>\r\n\t\t\t\t\t<\/div>\r\n\t\t\t\t\t\r\n\t\t\t\t<\/div>\r\n\t\t\t<\/div>\r\n\t\t<\/div>\r\n\t\t\t\t<\/div>\r\n\t\t\t\t<\/div>\r\n\t\t\t\t\t<\/div>\r\n\t\t<\/div>\r\n\t\t\t\t\t\t\t<\/div>\r\n\t\t<\/section>\r\n\t\t\t\t<section class=\"elementor-section elementor-top-section elementor-element elementor-element-0c2a988 elementor-section-full_width elementor-section-height-default elementor-section-height-default\" data-id=\"0c2a988\" data-element_type=\"section\">\r\n\t\t\t\t\t\t<div class=\"elementor-container elementor-column-gap-no\">\r\n\t\t\t\t\t<div class=\"elementor-column elementor-col-100 elementor-top-column elementor-element elementor-element-52464eb\" data-id=\"52464eb\" data-element_type=\"column\">\r\n\t\t\t<div class=\"elementor-widget-wrap elementor-element-populated\">\r\n\t\t\t\t\t\t\t\t<div class=\"elementor-element elementor-element-42d1563 elementor-widget elementor-widget-laundry_contact_form\" data-id=\"42d1563\" data-element_type=\"widget\" data-widget_type=\"laundry_contact_form.default\">\r\n\t\t\t\t<div class=\"elementor-widget-container\">\r\n\t\t\t\t\t\t<div class=\"section-inner\">\r\n\t\t\t\t<div class=\"container container-fluid-lg\">\r\n\t\t\t\t\t<div class=\"title-block text-center\">\r\n\t\t\t\t\t\t<h4 class=\"title-block__title\">\r\n\t\t\t\t\t\tPreg\u00fantanos\t\t\t\t\t\t<\/h4>\r\n\t\t\t\t\t\t<div class=\"title-block__text tt-limit-width\">\r\n\t\t\t\t\t\tCreamos ambientes limpios y saludables, combinando eficiencia y estilo para brindarte una experiencia \u00fanica en tu hotel, restaurante, sal\u00f3n de belleza, spa o gimnasio.\t\t\t\t\t\t<\/div>\r\n\t\t\t\t\t<\/div>\r\n\t\t\t\t\t<div class=\"row justify-content-md-center\">\r\n\t\t\t\t\t\t<div class=\"col-md-9 col-lg-8\">\r\n\t\t\t\t\t\t\t<div class=\"form-default form-default__top text-center\" id=\"faq-form\">\r\n\t\t\t\t\t\t\t\n<div class=\"wpcf7 no-js\" id=\"wpcf7-f675-o1\" lang=\"en-US\" dir=\"ltr\" data-wpcf7-id=\"675\">\n<div class=\"screen-reader-response\"><p role=\"status\" aria-live=\"polite\" aria-atomic=\"true\"><\/p> <ul><\/ul><\/div>\n<form action=\"\/index.php?rest_route=%2Fwp%2Fv2%2Fpages%2F509#wpcf7-f675-o1\" method=\"post\" class=\"wpcf7-form init\" aria-label=\"Contact form\" novalidate=\"novalidate\" data-status=\"init\">\n<fieldset class=\"hidden-fields-container\"><input type=\"hidden\" name=\"_wpcf7\" value=\"675\" \/><input type=\"hidden\" name=\"_wpcf7_version\" value=\"6.1.4\" \/><input type=\"hidden\" name=\"_wpcf7_locale\" value=\"en_US\" \/><input type=\"hidden\" name=\"_wpcf7_unit_tag\" value=\"wpcf7-f675-o1\" \/><input type=\"hidden\" name=\"_wpcf7_container_post\" value=\"0\" \/><input type=\"hidden\" name=\"_wpcf7_posted_data_hash\" value=\"\" \/>\n<\/fieldset>\n<div class=\"form-group\">\n\t<p><span class=\"wpcf7-form-control-wrap\" data-name=\"your-name\"><input size=\"40\" maxlength=\"400\" class=\"wpcf7-form-control wpcf7-text wpcf7-validates-as-required form-control\" aria-required=\"true\" aria-invalid=\"false\" placeholder=\"Your name\" value=\"\" type=\"text\" name=\"your-name\" \/><\/span>\n\t<\/p>\n<\/div>\n<div class=\"row row-align-col\">\n\t<div class=\"col-md-6\">\n\t\t<div class=\"form-group\">\n\t\t\t<p><span class=\"wpcf7-form-control-wrap\" data-name=\"your-email\"><input size=\"40\" maxlength=\"400\" class=\"wpcf7-form-control wpcf7-email wpcf7-validates-as-required wpcf7-text wpcf7-validates-as-email form-control\" aria-required=\"true\" aria-invalid=\"false\" placeholder=\"E-mail\" value=\"\" type=\"email\" name=\"your-email\" \/><\/span>\n\t\t\t<\/p>\n\t\t<\/div>\n\t<\/div>\n\t<div class=\"col-md-6\">\n\t\t<div class=\"form-group\">\n\t\t\t<p><span class=\"wpcf7-form-control-wrap\" data-name=\"your-phone\"><input size=\"40\" maxlength=\"400\" class=\"wpcf7-form-control wpcf7-text wpcf7-validates-as-required form-control\" aria-required=\"true\" aria-invalid=\"false\" placeholder=\"Phone\" value=\"\" type=\"text\" name=\"your-phone\" \/><\/span>\n\t\t\t<\/p>\n\t\t<\/div>\n\t<\/div>\n<\/div>\n<div class=\"form-group\">\n\t<p><span class=\"wpcf7-form-control-wrap\" data-name=\"your-message\"><textarea cols=\"40\" rows=\"10\" maxlength=\"2000\" class=\"wpcf7-form-control wpcf7-textarea form-control\" aria-invalid=\"false\" placeholder=\"Your question\" name=\"your-message\"><\/textarea><\/span>\n\t<\/p>\n<\/div>\n<div class=\"tt-btn tt-btn__wide\">\n\t<p><span class=\"mask\">Send Question<\/span><button type=\"submit\" class=\"button wpcf7-form-control wpcf7-submit\">Send Question<\/button>\n\t<\/p>\n<\/div><div class=\"wpcf7-response-output\" aria-hidden=\"true\"><\/div>\n<\/form>\n<\/div>\n\t\t\t\t\t\t\t<\/div>\r\n\t\t\t\t\t\t<\/div>\r\n\t\t\t\t\t<\/div>\r\n\t\t\t\t<\/div>\r\n\t\t\t<\/div>\r\n\t\t\t\t\t<\/div>\r\n\t\t\t\t<\/div>\r\n\t\t\t\t\t<\/div>\r\n\t\t<\/div>\r\n\t\t\t\t\t\t\t<\/div>\r\n\t\t<\/section>\r\n\t\t\t\t\t\t\t<\/div>\r\n\t\t","protected":false},"excerpt":{"rendered":"<p>Preguntas Frecuentes Respuestas a las Preguntas m\u00e1s Frecuentes Podemos ahorrarle dinero en jab\u00f3n, agua, calefacci\u00f3n y electricidad. Para que puedas disfrutar a\u00fan m\u00e1s de las cosas que amas. Nuestros precios son simples y asequibles. Your First Order! \u00bfCu\u00e1l es la capacidad de procesamiento de Lavander\u00eda Brillo? Lavander\u00eda Brillo tiene la capacidad de procesar grandes vol\u00famenes [&hellip;]<\/p>\n","protected":false},"author":1,"featured_media":645,"parent":0,"menu_order":0,"comment_status":"closed","ping_status":"closed","template":"","meta":{"footnotes":""},"class_list":["post-509","page","type-page","status-publish","has-post-thumbnail","hentry"],"yoast_head":"<!-- This site is optimized with the Yoast SEO plugin v20.4 - https:\/\/yoast.com\/wordpress\/plugins\/seo\/ -->\n<title>FAQ - Lavander\u00eda Brillo<\/title>\n<meta name=\"robots\" content=\"index, follow, max-snippet:-1, max-image-preview:large, max-video-preview:-1\" \/>\n<link rel=\"canonical\" href=\"https:\/\/lavanderiabrillo.es\/?page_id=509\" \/>\n<meta property=\"og:locale\" content=\"es_ES\" \/>\n<meta property=\"og:type\" content=\"article\" \/>\n<meta property=\"og:title\" content=\"FAQ - Lavander\u00eda Brillo\" \/>\n<meta property=\"og:description\" content=\"Preguntas Frecuentes Respuestas a las Preguntas m\u00e1s Frecuentes Podemos ahorrarle dinero en jab\u00f3n, agua, calefacci\u00f3n y electricidad. Para que puedas disfrutar a\u00fan m\u00e1s de las cosas que amas. Nuestros precios son simples y asequibles. Your First Order! \u00bfCu\u00e1l es la capacidad de procesamiento de Lavander\u00eda Brillo? Lavander\u00eda Brillo tiene la capacidad de procesar grandes vol\u00famenes [&hellip;]\" \/>\n<meta property=\"og:url\" content=\"https:\/\/lavanderiabrillo.es\/?page_id=509\" \/>\n<meta property=\"og:site_name\" content=\"Lavander\u00eda Brillo\" \/>\n<meta property=\"article:modified_time\" content=\"2023-04-02T09:05:59+00:00\" \/>\n<meta property=\"og:image\" content=\"https:\/\/lavanderiabrillo.es\/wp-content\/uploads\/2020\/11\/subtitle-wrapper01.jpg\" \/>\n\t<meta property=\"og:image:width\" content=\"1920\" \/>\n\t<meta property=\"og:image:height\" content=\"288\" \/>\n\t<meta property=\"og:image:type\" content=\"image\/jpeg\" \/>\n<meta name=\"twitter:card\" content=\"summary_large_image\" \/>\n<meta name=\"twitter:label1\" content=\"Tiempo de lectura\" \/>\n\t<meta name=\"twitter:data1\" content=\"2 minutos\" \/>\n<script type=\"application\/ld+json\" class=\"yoast-schema-graph\">{\"@context\":\"https:\/\/schema.org\",\"@graph\":[{\"@type\":\"WebPage\",\"@id\":\"https:\/\/lavanderiabrillo.es\/?page_id=509\",\"url\":\"https:\/\/lavanderiabrillo.es\/?page_id=509\",\"name\":\"FAQ - Lavander\u00eda Brillo\",\"isPartOf\":{\"@id\":\"https:\/\/lavanderiabrillo.es\/#website\"},\"datePublished\":\"2020-11-15T12:15:54+00:00\",\"dateModified\":\"2023-04-02T09:05:59+00:00\",\"breadcrumb\":{\"@id\":\"https:\/\/lavanderiabrillo.es\/?page_id=509#breadcrumb\"},\"inLanguage\":\"es\",\"potentialAction\":[{\"@type\":\"ReadAction\",\"target\":[\"https:\/\/lavanderiabrillo.es\/?page_id=509\"]}]},{\"@type\":\"BreadcrumbList\",\"@id\":\"https:\/\/lavanderiabrillo.es\/?page_id=509#breadcrumb\",\"itemListElement\":[{\"@type\":\"ListItem\",\"position\":1,\"name\":\"Home\",\"item\":\"https:\/\/lavanderiabrillo.es\/\"},{\"@type\":\"ListItem\",\"position\":2,\"name\":\"FAQ\"}]},{\"@type\":\"WebSite\",\"@id\":\"https:\/\/lavanderiabrillo.es\/#website\",\"url\":\"https:\/\/lavanderiabrillo.es\/\",\"name\":\"Lavander\u00eda Brillo\",\"description\":\"Eficiente y confiable.\",\"publisher\":{\"@id\":\"https:\/\/lavanderiabrillo.es\/#organization\"},\"potentialAction\":[{\"@type\":\"SearchAction\",\"target\":{\"@type\":\"EntryPoint\",\"urlTemplate\":\"https:\/\/lavanderiabrillo.es\/?s={search_term_string}\"},\"query-input\":\"required name=search_term_string\"}],\"inLanguage\":\"es\"},{\"@type\":\"Organization\",\"@id\":\"https:\/\/lavanderiabrillo.es\/#organization\",\"name\":\"Lavander\u00eda Brillo\",\"url\":\"https:\/\/lavanderiabrillo.es\/\",\"logo\":{\"@type\":\"ImageObject\",\"inLanguage\":\"es\",\"@id\":\"https:\/\/lavanderiabrillo.es\/#\/schema\/logo\/image\/\",\"url\":\"https:\/\/lavanderiabrillo.es\/wp-content\/uploads\/2023\/04\/Logo-1.png\",\"contentUrl\":\"https:\/\/lavanderiabrillo.es\/wp-content\/uploads\/2023\/04\/Logo-1.png\",\"width\":1417,\"height\":1218,\"caption\":\"Lavander\u00eda Brillo\"},\"image\":{\"@id\":\"https:\/\/lavanderiabrillo.es\/#\/schema\/logo\/image\/\"}}]}<\/script>\n<!-- \/ Yoast SEO plugin. -->","yoast_head_json":{"title":"FAQ - Lavander\u00eda Brillo","robots":{"index":"index","follow":"follow","max-snippet":"max-snippet:-1","max-image-preview":"max-image-preview:large","max-video-preview":"max-video-preview:-1"},"canonical":"https:\/\/lavanderiabrillo.es\/?page_id=509","og_locale":"es_ES","og_type":"article","og_title":"FAQ - Lavander\u00eda Brillo","og_description":"Preguntas Frecuentes Respuestas a las Preguntas m\u00e1s Frecuentes Podemos ahorrarle dinero en jab\u00f3n, agua, calefacci\u00f3n y electricidad. Para que puedas disfrutar a\u00fan m\u00e1s de las cosas que amas. Nuestros precios son simples y asequibles. Your First Order! \u00bfCu\u00e1l es la capacidad de procesamiento de Lavander\u00eda Brillo? Lavander\u00eda Brillo tiene la capacidad de procesar grandes vol\u00famenes [&hellip;]","og_url":"https:\/\/lavanderiabrillo.es\/?page_id=509","og_site_name":"Lavander\u00eda Brillo","article_modified_time":"2023-04-02T09:05:59+00:00","og_image":[{"width":1920,"height":288,"url":"https:\/\/lavanderiabrillo.es\/wp-content\/uploads\/2020\/11\/subtitle-wrapper01.jpg","type":"image\/jpeg"}],"twitter_card":"summary_large_image","twitter_misc":{"Tiempo de lectura":"2 minutos"},"schema":{"@context":"https:\/\/schema.org","@graph":[{"@type":"WebPage","@id":"https:\/\/lavanderiabrillo.es\/?page_id=509","url":"https:\/\/lavanderiabrillo.es\/?page_id=509","name":"FAQ - Lavander\u00eda Brillo","isPartOf":{"@id":"https:\/\/lavanderiabrillo.es\/#website"},"datePublished":"2020-11-15T12:15:54+00:00","dateModified":"2023-04-02T09:05:59+00:00","breadcrumb":{"@id":"https:\/\/lavanderiabrillo.es\/?page_id=509#breadcrumb"},"inLanguage":"es","potentialAction":[{"@type":"ReadAction","target":["https:\/\/lavanderiabrillo.es\/?page_id=509"]}]},{"@type":"BreadcrumbList","@id":"https:\/\/lavanderiabrillo.es\/?page_id=509#breadcrumb","itemListElement":[{"@type":"ListItem","position":1,"name":"Home","item":"https:\/\/lavanderiabrillo.es\/"},{"@type":"ListItem","position":2,"name":"FAQ"}]},{"@type":"WebSite","@id":"https:\/\/lavanderiabrillo.es\/#website","url":"https:\/\/lavanderiabrillo.es\/","name":"Lavander\u00eda Brillo","description":"Eficiente y confiable.","publisher":{"@id":"https:\/\/lavanderiabrillo.es\/#organization"},"potentialAction":[{"@type":"SearchAction","target":{"@type":"EntryPoint","urlTemplate":"https:\/\/lavanderiabrillo.es\/?s={search_term_string}"},"query-input":"required name=search_term_string"}],"inLanguage":"es"},{"@type":"Organization","@id":"https:\/\/lavanderiabrillo.es\/#organization","name":"Lavander\u00eda Brillo","url":"https:\/\/lavanderiabrillo.es\/","logo":{"@type":"ImageObject","inLanguage":"es","@id":"https:\/\/lavanderiabrillo.es\/#\/schema\/logo\/image\/","url":"https:\/\/lavanderiabrillo.es\/wp-content\/uploads\/2023\/04\/Logo-1.png","contentUrl":"https:\/\/lavanderiabrillo.es\/wp-content\/uploads\/2023\/04\/Logo-1.png","width":1417,"height":1218,"caption":"Lavander\u00eda Brillo"},"image":{"@id":"https:\/\/lavanderiabrillo.es\/#\/schema\/logo\/image\/"}}]}},"jetpack_sharing_enabled":true,"_links":{"self":[{"href":"https:\/\/lavanderiabrillo.es\/index.php?rest_route=\/wp\/v2\/pages\/509","targetHints":{"allow":["GET"]}}],"collection":[{"href":"https:\/\/lavanderiabrillo.es\/index.php?rest_route=\/wp\/v2\/pages"}],"about":[{"href":"https:\/\/lavanderiabrillo.es\/index.php?rest_route=\/wp\/v2\/types\/page"}],"author":[{"embeddable":true,"href":"https:\/\/lavanderiabrillo.es\/index.php?rest_route=\/wp\/v2\/users\/1"}],"replies":[{"embeddable":true,"href":"https:\/\/lavanderiabrillo.es\/index.php?rest_route=%2Fwp%2Fv2%2Fcomments&post=509"}],"version-history":[{"count":3,"href":"https:\/\/lavanderiabrillo.es\/index.php?rest_route=\/wp\/v2\/pages\/509\/revisions"}],"predecessor-version":[{"id":1733,"href":"https:\/\/lavanderiabrillo.es\/index.php?rest_route=\/wp\/v2\/pages\/509\/revisions\/1733"}],"wp:featuredmedia":[{"embeddable":true,"href":"https:\/\/lavanderiabrillo.es\/index.php?rest_route=\/wp\/v2\/media\/645"}],"wp:attachment":[{"href":"https:\/\/lavanderiabrillo.es\/index.php?rest_route=%2Fwp%2Fv2%2Fmedia&parent=509"}],"curies":[{"name":"wp","href":"https:\/\/api.w.org\/{rel}","templated":true}]}}