{"id":503,"date":"2020-11-15T12:15:14","date_gmt":"2020-11-15T12:15:14","guid":{"rendered":"https:\/\/festive-borg.5-196-26-209.plesk.page-v2\/demo2\/?page_id=503"},"modified":"2023-04-15T08:31:40","modified_gmt":"2023-04-15T08:31:40","slug":"empresas","status":"publish","type":"page","link":"https:\/\/lavanderiabrillo.es\/?page_id=503","title":{"rendered":"Empresas"},"content":{"rendered":"\t\t<div data-elementor-type=\"wp-page\" data-elementor-id=\"503\" class=\"elementor elementor-503\">\r\n\t\t\t\t\t\t\t\t\t<section class=\"elementor-section elementor-top-section elementor-element elementor-element-7abb56f elementor-section-full_width elementor-section-height-default elementor-section-height-default\" data-id=\"7abb56f\" data-element_type=\"section\">\r\n\t\t\t\t\t\t<div class=\"elementor-container elementor-column-gap-no\">\r\n\t\t\t\t\t<div class=\"elementor-column elementor-col-100 elementor-top-column elementor-element elementor-element-3cce982\" data-id=\"3cce982\" data-element_type=\"column\">\r\n\t\t\t<div class=\"elementor-widget-wrap elementor-element-populated\">\r\n\t\t\t\t\t\t\t\t<div class=\"elementor-element elementor-element-5601bc2 elementor-widget elementor-widget-laundry_service_box_carousel\" data-id=\"5601bc2\" data-element_type=\"widget\" data-widget_type=\"laundry_service_box_carousel.default\">\r\n\t\t\t\t<div class=\"elementor-widget-container\">\r\n\t\t\t\t\t\t<div class=\"section-indent\">\r\n\t\t\t\t<div class=\"container container-fluid-lg\">\r\n\t\t\t\t\t<div class=\"title-block text-center\">\r\n\t\t\t\t\t\t<div class=\"title-block__label\">\r\n\t\t\t\t\t\t\tEmpresas\t\t\t\t\t\t<\/div>\r\n\t\t\t\t\t\t<h4 class=\"title-block__title\">\r\n\t\t\t\t\t\t\u00bfA Qui\u00e9n Podemos Ayudar?\t\t\t\t\t\t<\/h4>\r\n\t\t\t\t\t<\/div>\r\n\t\t\t\t\t<div class=\"row img-box__wrapper\">\r\n\t\t\t\t\t\t\t\t\t\t\t\t<div class=\"col-custom-450 col-6 col-md-4\">\r\n\t\t\t\t\t\t\t<div class=\"img-box \">\r\n\t\t\t\t\t\t\t\t<div class=\"img-box__img\">\r\n\t\t\t\t\t\t\t\t\t<a href=\"https:\/\/lavanderiabrillo.es\/?laundry_services=hoteles-apartamentos\">\r\n\t\t\t\t\t\t\t\t\t<img loading=\"lazy\" decoding=\"async\" width=\"369\" height=\"320\" src=\"https:\/\/lavanderiabrillo.es\/wp-content\/uploads\/2023\/04\/Diseno-sin-titulo-8.png\" class=\"attachment-full size-full\" alt=\"\" srcset=\"https:\/\/lavanderiabrillo.es\/wp-content\/uploads\/2023\/04\/Diseno-sin-titulo-8.png 369w, https:\/\/lavanderiabrillo.es\/wp-content\/uploads\/2023\/04\/Diseno-sin-titulo-8-300x260.png 300w\" sizes=\"auto, (max-width: 369px) 100vw, 369px\" \/>\t\t\t\t\t\t\t\t\t<\/a>\r\n\t\t\t\t\t\t\t\t\t<div class=\"img-box__label \">\r\n\t\t\t\t\t\t\t\t\t<i aria-hidden=\"true\" class=\" icons-technology\"><\/i>\t\t\t\t\t\t\t\t\t<\/div>\r\n\t\t\t\t\t\t\t\t<\/div>\r\n\t\t\t\t\t\t\t\t<a href=\"https:\/\/lavanderiabrillo.es\/?laundry_services=hoteles-apartamentos\" class=\"img-box__title\">Hoteles y Apartamentos<\/a>\r\n\t\t\t\t\t\t\t\t<p>\r\n\t\t\t\t\t\t\t\tTransformamos la experiencia de lavander\u00eda de su hotel en una experiencia sin preocupaciones. Brindamos servicio personalizado, calidad premium y entregas puntuales.\t\t\t\t\t\t\t\t<\/p>\r\n\t\t\t\t\t\t\t\t<a href=\"https:\/\/lavanderiabrillo.es\/?laundry_services=hoteles-apartamentos\" class=\"tt-btn\"><span class=\"mask\">M\u00e1s Informaci\u00f3n<\/span><div class=\"button\">M\u00e1s Informaci\u00f3n<\/div><\/a>\r\n\t\t\t\t\t\t\t<\/div>\r\n\t\t\t\t\t\t<\/div>\r\n\t\t\t\t\t\t\t\t\t\t\t\t<div class=\"col-custom-450 col-6 col-md-4\">\r\n\t\t\t\t\t\t\t<div class=\"img-box \">\r\n\t\t\t\t\t\t\t\t<div class=\"img-box__img\">\r\n\t\t\t\t\t\t\t\t\t<a href=\"https:\/\/lavanderiabrillo.es\/?laundry_services=restaurantes-caterings\">\r\n\t\t\t\t\t\t\t\t\t<img loading=\"lazy\" decoding=\"async\" width=\"369\" height=\"320\" src=\"https:\/\/lavanderiabrillo.es\/wp-content\/uploads\/2023\/04\/Diseno-sin-titulo-9.png\" class=\"attachment-full size-full\" alt=\"\" srcset=\"https:\/\/lavanderiabrillo.es\/wp-content\/uploads\/2023\/04\/Diseno-sin-titulo-9.png 369w, https:\/\/lavanderiabrillo.es\/wp-content\/uploads\/2023\/04\/Diseno-sin-titulo-9-300x260.png 300w\" sizes=\"auto, (max-width: 369px) 100vw, 369px\" \/>\t\t\t\t\t\t\t\t\t<\/a>\r\n\t\t\t\t\t\t\t\t\t<div class=\"img-box__label \">\r\n\t\t\t\t\t\t\t\t\t<i aria-hidden=\"true\" class=\"fas fa-hamburger\"><\/i>\t\t\t\t\t\t\t\t\t<\/div>\r\n\t\t\t\t\t\t\t\t<\/div>\r\n\t\t\t\t\t\t\t\t<a href=\"https:\/\/lavanderiabrillo.es\/?laundry_services=restaurantes-caterings\" class=\"img-box__title\">Restaurantes & C\u00e1terings<\/a>\r\n\t\t\t\t\t\t\t\t<p>\r\n\t\t\t\t\t\t\t\tOfrecemos un servicio de lavander\u00eda personalizado para restaurantes y c\u00e1terings. Garantizamos una limpieza impecable y entregas puntuales para que puedas centrarte en lo m\u00e1s importante: brindar una experiencia gastron\u00f3mica excepcional a tus clientes.\t\t\t\t\t\t\t\t<\/p>\r\n\t\t\t\t\t\t\t\t<a href=\"https:\/\/lavanderiabrillo.es\/?laundry_services=restaurantes-caterings\" class=\"tt-btn\"><span class=\"mask\">M\u00e1s Informaci\u00f3n<\/span><div class=\"button\">M\u00e1s Informaci\u00f3n<\/div><\/a>\r\n\t\t\t\t\t\t\t<\/div>\r\n\t\t\t\t\t\t<\/div>\r\n\t\t\t\t\t\t\t\t\t\t\t\t<div class=\"col-custom-450 col-6 col-md-4\">\r\n\t\t\t\t\t\t\t<div class=\"img-box \">\r\n\t\t\t\t\t\t\t\t<div class=\"img-box__img\">\r\n\t\t\t\t\t\t\t\t\t<a href=\"https:\/\/lavanderiabrillo.es\/?laundry_services=salones-de-belleza-spa-y-gimnasios\">\r\n\t\t\t\t\t\t\t\t\t<img loading=\"lazy\" decoding=\"async\" width=\"369\" height=\"320\" src=\"https:\/\/lavanderiabrillo.es\/wp-content\/uploads\/2023\/04\/Diseno-sin-titulo-10.png\" class=\"attachment-full size-full\" alt=\"\" srcset=\"https:\/\/lavanderiabrillo.es\/wp-content\/uploads\/2023\/04\/Diseno-sin-titulo-10.png 369w, https:\/\/lavanderiabrillo.es\/wp-content\/uploads\/2023\/04\/Diseno-sin-titulo-10-300x260.png 300w\" sizes=\"auto, (max-width: 369px) 100vw, 369px\" \/>\t\t\t\t\t\t\t\t\t<\/a>\r\n\t\t\t\t\t\t\t\t\t<div class=\"img-box__label \">\r\n\t\t\t\t\t\t\t\t\t<i aria-hidden=\"true\" class=\"fas fa-hand-sparkles\"><\/i>\t\t\t\t\t\t\t\t\t<\/div>\r\n\t\t\t\t\t\t\t\t<\/div>\r\n\t\t\t\t\t\t\t\t<a href=\"https:\/\/lavanderiabrillo.es\/?laundry_services=salones-de-belleza-spa-y-gimnasios\" class=\"img-box__title\">Salones de Belleza, Spa & Gimnasios<\/a>\r\n\t\t\t\t\t\t\t\t<p>\r\n\t\t\t\t\t\t\t\tLavander\u00eda Brillo ofrece un servicio de lavander\u00eda especializado para salones de belleza, spas y gimnasios. Garantizamos una experiencia excepcional y resultados impecables para mantener tu negocio impecable y a tus clientes satisfechos. \u00a1Cont\u00e1ctanos ahora!\t\t\t\t\t\t\t\t<\/p>\r\n\t\t\t\t\t\t\t\t<a href=\"https:\/\/lavanderiabrillo.es\/?laundry_services=salones-de-belleza-spa-y-gimnasios\" class=\"tt-btn\"><span class=\"mask\">M\u00e1s Informaci\u00f3n<\/span><div class=\"button\">M\u00e1s Informaci\u00f3n<\/div><\/a>\r\n\t\t\t\t\t\t\t<\/div>\r\n\t\t\t\t\t\t<\/div>\r\n\t\t\t\t\t\t\t\t\t\t\t\r\n\t\t\t\t\t<\/div>\r\n\t\t\t\t<\/div>\r\n\t\t\t<\/div>\r\n\t\t\t\t\t<\/div>\r\n\t\t\t\t<\/div>\r\n\t\t\t\t\t<\/div>\r\n\t\t<\/div>\r\n\t\t\t\t\t\t\t<\/div>\r\n\t\t<\/section>\r\n\t\t\t\t<section class=\"elementor-section elementor-top-section elementor-element elementor-element-2be38fd elementor-section-full_width elementor-section-height-default elementor-section-height-default\" data-id=\"2be38fd\" data-element_type=\"section\">\r\n\t\t\t\t\t\t<div class=\"elementor-container elementor-column-gap-no\">\r\n\t\t\t\t\t<div class=\"elementor-column elementor-col-100 elementor-top-column elementor-element elementor-element-3537980\" data-id=\"3537980\" data-element_type=\"column\">\r\n\t\t\t<div class=\"elementor-widget-wrap elementor-element-populated\">\r\n\t\t\t\t\t\t\t\t<div class=\"elementor-element elementor-element-00ccf43 elementor-widget elementor-widget-laundry_service_box_two\" data-id=\"00ccf43\" data-element_type=\"widget\" data-widget_type=\"laundry_service_box_two.default\">\r\n\t\t\t\t<div class=\"elementor-widget-container\">\r\n\t\t\t \r\n\t\t\t<div class=\"section-indent\">\r\n\t\t\t\t<div class=\"box02 box02__img-left\">\r\n\t\t\t\t\t<div class=\"box02__img\">\r\n\t\t\t\t\t\t\t\t\t\t\t<picture>\r\n\t\t\t\t\t\t\t<source srcset=\"https:\/\/lavanderiabrillo.es\/wp-content\/uploads\/2020\/12\/box02-img01-sm.jpg\" media=\"(max-width: 650px)\" type=\"image\/png\">\r\n\t\t\t\t\t\t\t<source srcset=\"https:\/\/lavanderiabrillo.es\/wp-content\/uploads\/2020\/12\/box02-img01-md.jpg\" media=\"(max-width: 1024px)\" type=\"image\/png\">\r\n\t\t\t\t\t\t\t<img loading=\"lazy\" decoding=\"async\" width=\"945\" height=\"694\" src=\"https:\/\/lavanderiabrillo.es\/wp-content\/uploads\/2020\/11\/box02-img01.jpg\" class=\"attachment-full size-full\" alt=\"\" srcset=\"https:\/\/lavanderiabrillo.es\/wp-content\/uploads\/2020\/11\/box02-img01.jpg 945w, https:\/\/lavanderiabrillo.es\/wp-content\/uploads\/2020\/11\/box02-img01-600x441.jpg 600w, https:\/\/lavanderiabrillo.es\/wp-content\/uploads\/2020\/11\/box02-img01-300x220.jpg 300w, https:\/\/lavanderiabrillo.es\/wp-content\/uploads\/2020\/11\/box02-img01-768x564.jpg 768w\" sizes=\"auto, (max-width: 945px) 100vw, 945px\" \/>\t\t\t\t\t\t<\/picture>\r\n\t\t\t\t\t\t\t\t\t\t\t\t\t<img loading=\"lazy\" decoding=\"async\" width=\"141\" height=\"58\" src=\"https:\/\/lavanderiabrillo.es\/wp-content\/uploads\/2020\/11\/arrow-img-right03.png\" class=\"tt-arrow\" alt=\"\" \/>\t\t\t\t\t<\/div>\r\n\t\t\t\t\t<div class=\"box02__content\">\r\n\t\t\t\t\t\t<div class=\"title-block\">\r\n\t\t\t\t\t\t\t<div class=\"title-block__label\">\r\n\t\t\t\t\t\t\t\tLavander\u00eda industrial para tu negocio\t\t\t\t\t\t\t<\/div>\r\n\t\t\t\t\t\t\t<h4 class=\"title-block__title\">Servicio de Lavander\u00eda<br>Industrial<\/h4>\r\n\t\t\t\t\t\t<\/div>\r\n\t\t\t\t\t\t\t<p>En la actualidad, las grandes corporaciones han comprobado que externalizar tareas de oficina resulta beneficioso para su econom\u00eda, ya que les permite ahorrar costes. Por ello, te ofrecemos nuestros servicios de lavander\u00eda industrial, que no solo son econ\u00f3micos, sino que tambi\u00e9n te permitir\u00e1n centrarte en tu negocio principal. En Lavander\u00eda Industrial Brillo te ofrecemos soluciones inteligentes para cubrir todas tus necesidades de lavado comercial. Algunos de nuestros clientes comerciales son:<\/p><div class=\"row tt-list01__top\"><div class=\"col-lg-6\"><ul class=\"tt-list01\"><li>Hoteles &amp; Moteles<\/li><li>Restaurantes &amp; C\u00e1terings<\/li><li>Gimnasios<\/li><li>Salones &amp; Spas<\/li><\/ul><\/div><div class=\"col-lg-6\">\u00a0<\/div><\/div>\t\t\t\t\t\t<div class=\"box02-list-col\"><\/div>\r\n\t\t\t\t\t<\/div>\r\n\t\t\t\t<\/div>\r\n\t\t\t<\/div> \r\n\t\t\t\t\t\t\t\t<\/div>\r\n\t\t\t\t<\/div>\r\n\t\t\t\t\t<\/div>\r\n\t\t<\/div>\r\n\t\t\t\t\t\t\t<\/div>\r\n\t\t<\/section>\r\n\t\t\t\t<section class=\"elementor-section elementor-top-section elementor-element elementor-element-4155cbe elementor-section-full_width elementor-section-height-default elementor-section-height-default\" data-id=\"4155cbe\" data-element_type=\"section\">\r\n\t\t\t\t\t\t<div class=\"elementor-container elementor-column-gap-no\">\r\n\t\t\t\t\t<div class=\"elementor-column elementor-col-100 elementor-top-column elementor-element elementor-element-110c4f2\" data-id=\"110c4f2\" data-element_type=\"column\">\r\n\t\t\t<div class=\"elementor-widget-wrap elementor-element-populated\">\r\n\t\t\t\t\t\t\t\t<div class=\"elementor-element elementor-element-f883695 elementor-widget elementor-widget-laundry_why_choose_us\" data-id=\"f883695\" data-element_type=\"widget\" data-widget_type=\"laundry_why_choose_us.default\">\r\n\t\t\t\t<div class=\"elementor-widget-container\">\r\n\t\t\t\t\t\t<div class=\"section-indent\">\r\n\t\t\t\t<div class=\"container container-fluid-lg\">\r\n\t\t\t\t\t<div class=\"title-block text-center\">\r\n\t\t\t\t\t\t<div class=\"title-block__label\">\r\n\t\t\t\t\t\t\t[ M\u00e1s de 12 A\u00f1os de Experiencia ]\r\n\t\t\t\t\t\t<\/div>\r\n\t\t\t\t\t\t<h4 class=\"title-block__title\">\r\n\t\t\t\t\t\tVentajas\t\t\t\t\t\t<\/h4>\r\n\t\t\t\t\t<\/div>\r\n\t\t\t\t\t<div class=\"added-info02 added-info02__top row\">\r\n\t\t\t\t\t\t\t\t\t\t\t<a href=\"#_\" class=\"added-info02__item col-md-6\">\r\n\t\t\t\t\t\t\t<div class=\"added-info02__icon fas fa-clock\"><\/div>\r\n\t\t\t\t\t\t\t<div class=\"added-info02__description\">\r\n\t\t\t\t\t\t\t\t<h6 class=\"added-info02__title\"><span>OPCI\u00d3N 1: 5 Meses de RFID Gratuitos<\/span><\/h6>\r\n\t\t\t\t\t\t\t\tPer\u00edodo gratuito de uso del servicio de etiquetas RFID por 5 meses. (Instalaci\u00f3n de esc\u00e1ner RFID y flasheo de textiles con etiquetas RFID son gratuitos).\t\t\t\t\t\t\t<\/div>\r\n\t\t\t\t\t\t<\/a>\r\n\t\t\t\t\t\t\t\t\t\t<a href=\"#_\" class=\"added-info02__item col-md-6\">\r\n\t\t\t\t\t\t\t<div class=\"added-info02__icon fas fa-bacterium\"><\/div>\r\n\t\t\t\t\t\t\t<div class=\"added-info02__description\">\r\n\t\t\t\t\t\t\t\t<h6 class=\"added-info02__title\"><span>Prueba Gratuita<\/span><\/h6>\r\n\t\t\t\t\t\t\t\tImplementaci\u00f3n gratuita de tecnolog\u00eda RFID con prueba gratuita de 5 meses. (Costo de 5 c\u00e9ntimos por vuelta de etiqueta despu\u00e9s de la prueba gratuita).\t\t\t\t\t\t\t<\/div>\r\n\t\t\t\t\t\t<\/a>\r\n\t\t\t\t\t\t\t\t\t\t<a href=\"#_\" class=\"added-info02__item col-md-6\">\r\n\t\t\t\t\t\t\t<div class=\"added-info02__icon fas fa-percent\"><\/div>\r\n\t\t\t\t\t\t\t<div class=\"added-info02__description\">\r\n\t\t\t\t\t\t\t\t<h6 class=\"added-info02__title\"><span>OPCI\u00d3N 2: 5% Descuento para Clientes Nuevos<\/span><\/h6>\r\n\t\t\t\t\t\t\t\t5% de descuento en servicios por 5 meses para nuevos clientes.\t\t\t\t\t\t\t<\/div>\r\n\t\t\t\t\t\t<\/a>\r\n\t\t\t\t\t\t\t\t\t\t<a href=\"#_\" class=\"added-info02__item col-md-6\">\r\n\t\t\t\t\t\t\t<div class=\"added-info02__icon  icons-sewing-machine\"><\/div>\r\n\t\t\t\t\t\t\t<div class=\"added-info02__description\">\r\n\t\t\t\t\t\t\t\t<h6 class=\"added-info02__title\"><span>Reparaci\u00f3n \u00cdntegra<\/span><\/h6>\r\n\t\t\t\t\t\t\t\tResponsabilidad total en caso de extrav\u00edo de prendas y reparaci\u00f3n de las mismas sin costo adicional.\t\t\t\t\t\t\t<\/div>\r\n\t\t\t\t\t\t<\/a>\r\n\t\t\t\t        \r\n\t\t\t\t\t<\/div>\r\n\t\t\t\t<\/div>\r\n\t\t\t<\/div>\r\n\t\t\t\t\t<\/div>\r\n\t\t\t\t<\/div>\r\n\t\t\t\t\t<\/div>\r\n\t\t<\/div>\r\n\t\t\t\t\t\t\t<\/div>\r\n\t\t<\/section>\r\n\t\t\t\t\t\t\t<\/div>\r\n\t\t","protected":false},"excerpt":{"rendered":"<p>Empresas \u00bfA Qui\u00e9n Podemos Ayudar? Hoteles y Apartamentos Transformamos la experiencia de lavander\u00eda de su hotel en una experiencia sin preocupaciones. Brindamos servicio personalizado, calidad premium y entregas puntuales. M\u00e1s Informaci\u00f3nM\u00e1s Informaci\u00f3n Restaurantes &#038; C\u00e1terings Ofrecemos un servicio de lavander\u00eda personalizado para restaurantes y c\u00e1terings. Garantizamos una limpieza impecable y entregas puntuales para que puedas [&hellip;]<\/p>\n","protected":false},"author":1,"featured_media":645,"parent":0,"menu_order":0,"comment_status":"closed","ping_status":"closed","template":"","meta":{"footnotes":""},"class_list":["post-503","page","type-page","status-publish","has-post-thumbnail","hentry"],"yoast_head":"<!-- This site is optimized with the Yoast SEO plugin v20.4 - https:\/\/yoast.com\/wordpress\/plugins\/seo\/ -->\n<title>Empresas - Lavander\u00eda Brillo<\/title>\n<meta name=\"robots\" content=\"index, follow, max-snippet:-1, max-image-preview:large, max-video-preview:-1\" \/>\n<link rel=\"canonical\" href=\"https:\/\/lavanderiabrillo.es\/?page_id=503\" \/>\n<meta property=\"og:locale\" content=\"es_ES\" \/>\n<meta property=\"og:type\" content=\"article\" \/>\n<meta property=\"og:title\" content=\"Empresas - Lavander\u00eda Brillo\" \/>\n<meta property=\"og:description\" content=\"Empresas \u00bfA Qui\u00e9n Podemos Ayudar? Hoteles y Apartamentos Transformamos la experiencia de lavander\u00eda de su hotel en una experiencia sin preocupaciones. Brindamos servicio personalizado, calidad premium y entregas puntuales. M\u00e1s Informaci\u00f3nM\u00e1s Informaci\u00f3n Restaurantes &#038; C\u00e1terings Ofrecemos un servicio de lavander\u00eda personalizado para restaurantes y c\u00e1terings. Garantizamos una limpieza impecable y entregas puntuales para que puedas [&hellip;]\" \/>\n<meta property=\"og:url\" content=\"https:\/\/lavanderiabrillo.es\/?page_id=503\" \/>\n<meta property=\"og:site_name\" content=\"Lavander\u00eda Brillo\" \/>\n<meta property=\"article:modified_time\" content=\"2023-04-15T08:31:40+00:00\" \/>\n<meta property=\"og:image\" content=\"https:\/\/lavanderiabrillo.es\/wp-content\/uploads\/2020\/11\/subtitle-wrapper01.jpg\" \/>\n\t<meta property=\"og:image:width\" content=\"1920\" \/>\n\t<meta property=\"og:image:height\" content=\"288\" \/>\n\t<meta property=\"og:image:type\" content=\"image\/jpeg\" \/>\n<meta name=\"twitter:card\" content=\"summary_large_image\" \/>\n<meta name=\"twitter:label1\" content=\"Tiempo de lectura\" \/>\n\t<meta name=\"twitter:data1\" content=\"3 minutos\" \/>\n<script type=\"application\/ld+json\" class=\"yoast-schema-graph\">{\"@context\":\"https:\/\/schema.org\",\"@graph\":[{\"@type\":\"WebPage\",\"@id\":\"https:\/\/lavanderiabrillo.es\/?page_id=503\",\"url\":\"https:\/\/lavanderiabrillo.es\/?page_id=503\",\"name\":\"Empresas - Lavander\u00eda Brillo\",\"isPartOf\":{\"@id\":\"https:\/\/lavanderiabrillo.es\/#website\"},\"datePublished\":\"2020-11-15T12:15:14+00:00\",\"dateModified\":\"2023-04-15T08:31:40+00:00\",\"breadcrumb\":{\"@id\":\"https:\/\/lavanderiabrillo.es\/?page_id=503#breadcrumb\"},\"inLanguage\":\"es\",\"potentialAction\":[{\"@type\":\"ReadAction\",\"target\":[\"https:\/\/lavanderiabrillo.es\/?page_id=503\"]}]},{\"@type\":\"BreadcrumbList\",\"@id\":\"https:\/\/lavanderiabrillo.es\/?page_id=503#breadcrumb\",\"itemListElement\":[{\"@type\":\"ListItem\",\"position\":1,\"name\":\"Home\",\"item\":\"https:\/\/lavanderiabrillo.es\/\"},{\"@type\":\"ListItem\",\"position\":2,\"name\":\"Empresas\"}]},{\"@type\":\"WebSite\",\"@id\":\"https:\/\/lavanderiabrillo.es\/#website\",\"url\":\"https:\/\/lavanderiabrillo.es\/\",\"name\":\"Lavander\u00eda Brillo\",\"description\":\"Eficiente y confiable.\",\"publisher\":{\"@id\":\"https:\/\/lavanderiabrillo.es\/#organization\"},\"potentialAction\":[{\"@type\":\"SearchAction\",\"target\":{\"@type\":\"EntryPoint\",\"urlTemplate\":\"https:\/\/lavanderiabrillo.es\/?s={search_term_string}\"},\"query-input\":\"required name=search_term_string\"}],\"inLanguage\":\"es\"},{\"@type\":\"Organization\",\"@id\":\"https:\/\/lavanderiabrillo.es\/#organization\",\"name\":\"Lavander\u00eda Brillo\",\"url\":\"https:\/\/lavanderiabrillo.es\/\",\"logo\":{\"@type\":\"ImageObject\",\"inLanguage\":\"es\",\"@id\":\"https:\/\/lavanderiabrillo.es\/#\/schema\/logo\/image\/\",\"url\":\"https:\/\/lavanderiabrillo.es\/wp-content\/uploads\/2023\/04\/Logo-1.png\",\"contentUrl\":\"https:\/\/lavanderiabrillo.es\/wp-content\/uploads\/2023\/04\/Logo-1.png\",\"width\":1417,\"height\":1218,\"caption\":\"Lavander\u00eda Brillo\"},\"image\":{\"@id\":\"https:\/\/lavanderiabrillo.es\/#\/schema\/logo\/image\/\"}}]}<\/script>\n<!-- \/ Yoast SEO plugin. -->","yoast_head_json":{"title":"Empresas - Lavander\u00eda Brillo","robots":{"index":"index","follow":"follow","max-snippet":"max-snippet:-1","max-image-preview":"max-image-preview:large","max-video-preview":"max-video-preview:-1"},"canonical":"https:\/\/lavanderiabrillo.es\/?page_id=503","og_locale":"es_ES","og_type":"article","og_title":"Empresas - Lavander\u00eda Brillo","og_description":"Empresas \u00bfA Qui\u00e9n Podemos Ayudar? Hoteles y Apartamentos Transformamos la experiencia de lavander\u00eda de su hotel en una experiencia sin preocupaciones. Brindamos servicio personalizado, calidad premium y entregas puntuales. M\u00e1s Informaci\u00f3nM\u00e1s Informaci\u00f3n Restaurantes &#038; C\u00e1terings Ofrecemos un servicio de lavander\u00eda personalizado para restaurantes y c\u00e1terings. Garantizamos una limpieza impecable y entregas puntuales para que puedas [&hellip;]","og_url":"https:\/\/lavanderiabrillo.es\/?page_id=503","og_site_name":"Lavander\u00eda Brillo","article_modified_time":"2023-04-15T08:31:40+00:00","og_image":[{"width":1920,"height":288,"url":"https:\/\/lavanderiabrillo.es\/wp-content\/uploads\/2020\/11\/subtitle-wrapper01.jpg","type":"image\/jpeg"}],"twitter_card":"summary_large_image","twitter_misc":{"Tiempo de lectura":"3 minutos"},"schema":{"@context":"https:\/\/schema.org","@graph":[{"@type":"WebPage","@id":"https:\/\/lavanderiabrillo.es\/?page_id=503","url":"https:\/\/lavanderiabrillo.es\/?page_id=503","name":"Empresas - Lavander\u00eda Brillo","isPartOf":{"@id":"https:\/\/lavanderiabrillo.es\/#website"},"datePublished":"2020-11-15T12:15:14+00:00","dateModified":"2023-04-15T08:31:40+00:00","breadcrumb":{"@id":"https:\/\/lavanderiabrillo.es\/?page_id=503#breadcrumb"},"inLanguage":"es","potentialAction":[{"@type":"ReadAction","target":["https:\/\/lavanderiabrillo.es\/?page_id=503"]}]},{"@type":"BreadcrumbList","@id":"https:\/\/lavanderiabrillo.es\/?page_id=503#breadcrumb","itemListElement":[{"@type":"ListItem","position":1,"name":"Home","item":"https:\/\/lavanderiabrillo.es\/"},{"@type":"ListItem","position":2,"name":"Empresas"}]},{"@type":"WebSite","@id":"https:\/\/lavanderiabrillo.es\/#website","url":"https:\/\/lavanderiabrillo.es\/","name":"Lavander\u00eda Brillo","description":"Eficiente y confiable.","publisher":{"@id":"https:\/\/lavanderiabrillo.es\/#organization"},"potentialAction":[{"@type":"SearchAction","target":{"@type":"EntryPoint","urlTemplate":"https:\/\/lavanderiabrillo.es\/?s={search_term_string}"},"query-input":"required name=search_term_string"}],"inLanguage":"es"},{"@type":"Organization","@id":"https:\/\/lavanderiabrillo.es\/#organization","name":"Lavander\u00eda Brillo","url":"https:\/\/lavanderiabrillo.es\/","logo":{"@type":"ImageObject","inLanguage":"es","@id":"https:\/\/lavanderiabrillo.es\/#\/schema\/logo\/image\/","url":"https:\/\/lavanderiabrillo.es\/wp-content\/uploads\/2023\/04\/Logo-1.png","contentUrl":"https:\/\/lavanderiabrillo.es\/wp-content\/uploads\/2023\/04\/Logo-1.png","width":1417,"height":1218,"caption":"Lavander\u00eda Brillo"},"image":{"@id":"https:\/\/lavanderiabrillo.es\/#\/schema\/logo\/image\/"}}]}},"jetpack_sharing_enabled":true,"_links":{"self":[{"href":"https:\/\/lavanderiabrillo.es\/index.php?rest_route=\/wp\/v2\/pages\/503","targetHints":{"allow":["GET"]}}],"collection":[{"href":"https:\/\/lavanderiabrillo.es\/index.php?rest_route=\/wp\/v2\/pages"}],"about":[{"href":"https:\/\/lavanderiabrillo.es\/index.php?rest_route=\/wp\/v2\/types\/page"}],"author":[{"embeddable":true,"href":"https:\/\/lavanderiabrillo.es\/index.php?rest_route=\/wp\/v2\/users\/1"}],"replies":[{"embeddable":true,"href":"https:\/\/lavanderiabrillo.es\/index.php?rest_route=%2Fwp%2Fv2%2Fcomments&post=503"}],"version-history":[{"count":28,"href":"https:\/\/lavanderiabrillo.es\/index.php?rest_route=\/wp\/v2\/pages\/503\/revisions"}],"predecessor-version":[{"id":2016,"href":"https:\/\/lavanderiabrillo.es\/index.php?rest_route=\/wp\/v2\/pages\/503\/revisions\/2016"}],"wp:featuredmedia":[{"embeddable":true,"href":"https:\/\/lavanderiabrillo.es\/index.php?rest_route=\/wp\/v2\/media\/645"}],"wp:attachment":[{"href":"https:\/\/lavanderiabrillo.es\/index.php?rest_route=%2Fwp%2Fv2%2Fmedia&parent=503"}],"curies":[{"name":"wp","href":"https:\/\/api.w.org\/{rel}","templated":true}]}}