{"id":1765,"date":"2023-04-02T10:23:59","date_gmt":"2023-04-02T10:23:59","guid":{"rendered":"https:\/\/festive-borg.5-196-26-209.plesk.page\/?page_id=1765"},"modified":"2023-04-07T09:40:57","modified_gmt":"2023-04-07T09:40:57","slug":"promociones","status":"publish","type":"page","link":"https:\/\/lavanderiabrillo.es\/?page_id=1765","title":{"rendered":"Promociones"},"content":{"rendered":"\t\t<div data-elementor-type=\"wp-page\" data-elementor-id=\"1765\" class=\"elementor elementor-1765\">\r\n\t\t\t\t\t\t\t\t\t<section class=\"elementor-section elementor-top-section elementor-element elementor-element-2c55898 elementor-section-full_width elementor-section-height-default elementor-section-height-default\" data-id=\"2c55898\" data-element_type=\"section\">\r\n\t\t\t\t\t\t<div class=\"elementor-container elementor-column-gap-no\">\r\n\t\t\t\t\t<div class=\"elementor-column elementor-col-100 elementor-top-column elementor-element elementor-element-f58a5b5\" data-id=\"f58a5b5\" data-element_type=\"column\">\r\n\t\t\t<div class=\"elementor-widget-wrap elementor-element-populated\">\r\n\t\t\t\t\t\t\t\t<div class=\"elementor-element elementor-element-2acc73e elementor-widget elementor-widget-laundry_coupon\" data-id=\"2acc73e\" data-element_type=\"widget\" data-widget_type=\"laundry_coupon.default\">\r\n\t\t\t\t<div class=\"elementor-widget-container\">\r\n\t\t\t \r\n<div class=\"section-inner\">\r\n\t<div class=\"container container-fluid-lg\">\r\n\t\t<div class=\"title-block text-center\">\r\n\t\t\t<div class=\"title-block__label\">\r\n\t\t\t\t[Promoci\u00f3n]\t\t\t<\/div>\r\n\t\t\t<h4 class=\"title-block__title\">\r\n\t\t\t\tOpciones de Inicio Especial\t\t\t<\/h4>\r\n\t\t<\/div>\r\n\t\t<div class=\"row slick-default coupon-carousel\" data-slick='{\r\n\t\t\t\t\t\"slidesToShow\": 2,\r\n\t\t\t\t\t\"autoplaySpeed\": 4500,\r\n\t\t\t\t\t\"slidesToScroll\": 2,\r\n\t\t\t\t\t\"arrows\": false,\r\n\t\t\t\t\t\"responsive\": [\r\n\t\t\t\t\t\t{\r\n\t\t\t\t\t\t\t\"breakpoint\": 651,\r\n\t\t\t\t\t\t\t\"settings\": {\r\n\t\t\t\t\t\t\t\t\"slidesToShow\": 1,\r\n\t\t\t\t\t\t\t\t\"slidesToScroll\": 1\r\n\t\t\t\t\t\t\t}\r\n\t\t\t\t\t\t}\r\n\t\t\t\t\t]\r\n\t\t\t\t}'>\r\n\t\t\t\t\t\t\t\t\t\t  <div class=\"col-md-6\">\r\n\t\t\t\t\t\t<div class=\"ttcoupon\">\r\n\t\t\t\t\t\t\t<div class=\"ttcoupon-holder-top\">\r\n\t\t\t\t\t\t\t\t<div class=\"tt-col\">\r\n\t\t\t\t\t\t\t\t\t<div class=\"ttcoupon-logo\">\r\n\t\t\t\t\t\t\t\t\t\t<i class=\"icons-logo tt-icon\"><\/i><span class=\"tt-base-color\">Lavander\u00eda<\/span>Brillo\t\t\t\t\t\t\t\t\t<\/div>\r\n\t\t\t\t\t\t\t\t<\/div>\r\n\t\t\t\t\t\t\t\t<div class=\"tt-col\">Primeros 5 meses<\/div>\r\n\t\t\t\t\t\t\t<\/div>\r\n\t\t\t\t\t\t\t<div class=\"ttcoupon-holder-center\">\r\n\t\t\t\t\t\t\t\t<div class=\"col-auto\">\r\n\t\t\t\t\t\t\t\t\t<address>\r\n\t\t\t\t\t\t\t\t\t\tCalle Francesc Duran i Reynals, 22, 08192, Sant Quirze del Valles<br><a href=\"#\">info@lavanderiabrillo.es<\/a>\t\t\t\t\t\t\t\t\t<\/address>\r\n\t\t\t\t\t\t\t\t<\/div>\r\n\t\t\t\t\t\t\t\t<div class=\"col-auto\">\r\n\t\t\t\t\t\t\t\t\t<svg>\r\n\t\t\t\t\t\t\t\t\t\t<path d=\"M117 0 L75 200 L225 200 Z\" \/>\r\n\t\t\t\t\t\t\t\t\t<\/svg>\r\n\t\t\t\t\t\t\t\t\t<div class=\"ttcoupon-text01 first-column\">5 MESES<\/div>\r\n\t\t\t\t\t\t\t\t\t<div class=\"ttcoupon-text02 second-column\">gratuitos RFID. Instalaci\u00f3n Gratuita <\/div>\r\n\t\t\t\t\t\t\t\t<\/div>\r\n\t\t\t\t\t\t\t<\/div>\r\n\t\t\t\t\t\t\t<div class=\"ttcoupon-holder-bottom\">\r\n\t\t\t\t\t\t\t\t<div class=\"tt-col\">\r\n\t\t\t\t\t\t\t\t\t<a href=\"javascript:void(0)\" data-toggle=\"modal\" data-target=\"#couponForm\" class=\"ttcoupon-link print-ele-link\"><i class=\"icons-876214\"><\/i> <\/a>\r\n\t\t\t\t\t\t\t\t<\/div>\r\n\t\t\t\t\t\t\t\t<div class=\"tt-col\">\r\n\t\t\t\t\t\t\t\t\tInstalaci\u00f3n de esc\u00e1ner RFID y flasheo de textiles con etiquetas RFID son gratuitos\t\t\t\t\t\t\t\t<\/div>\r\n\t\t\t\t\t\t\t<\/div>\r\n\t\t\t\t\t\t<\/div>\r\n\t\t\t\t\t<\/div> \r\n\t\t\t\t\t\t\t\t\t  <div class=\"col-md-6\">\r\n\t\t\t\t\t\t<div class=\"ttcoupon\">\r\n\t\t\t\t\t\t\t<div class=\"ttcoupon-holder-top\">\r\n\t\t\t\t\t\t\t\t<div class=\"tt-col\">\r\n\t\t\t\t\t\t\t\t\t<div class=\"ttcoupon-logo\">\r\n\t\t\t\t\t\t\t\t\t\t<i class=\"icons-logo tt-icon\"><\/i><span class=\"tt-base-color\">Lavander\u00eda<\/span>Brillo\t\t\t\t\t\t\t\t\t<\/div>\r\n\t\t\t\t\t\t\t\t<\/div>\r\n\t\t\t\t\t\t\t\t<div class=\"tt-col\">Para Clientes Nuevos<\/div>\r\n\t\t\t\t\t\t\t<\/div>\r\n\t\t\t\t\t\t\t<div class=\"ttcoupon-holder-center\">\r\n\t\t\t\t\t\t\t\t<div class=\"col-auto\">\r\n\t\t\t\t\t\t\t\t\t<address>\r\n\t\t\t\t\t\t\t\t\t\tCalle Francesc Duran i Reynals, 22, 08192, Sant Quirze del Valles<br><a href=\"#\">info@lavanderiabrillo.es<\/a>\t\t\t\t\t\t\t\t\t<\/address>\r\n\t\t\t\t\t\t\t\t<\/div>\r\n\t\t\t\t\t\t\t\t<div class=\"col-auto\">\r\n\t\t\t\t\t\t\t\t\t<svg>\r\n\t\t\t\t\t\t\t\t\t\t<path d=\"M117 0 L75 200 L225 200 Z\" \/>\r\n\t\t\t\t\t\t\t\t\t<\/svg>\r\n\t\t\t\t\t\t\t\t\t<div class=\"ttcoupon-text01 first-column\">5% Oferta<\/div>\r\n\t\t\t\t\t\t\t\t\t<div class=\"ttcoupon-text02 second-column\">5 primeros meses sobre los servicios.<\/div>\r\n\t\t\t\t\t\t\t\t<\/div>\r\n\t\t\t\t\t\t\t<\/div>\r\n\t\t\t\t\t\t\t<div class=\"ttcoupon-holder-bottom\">\r\n\t\t\t\t\t\t\t\t<div class=\"tt-col\">\r\n\t\t\t\t\t\t\t\t\t<a href=\"javascript:void(0)\" data-toggle=\"modal\" data-target=\"#couponForm\" class=\"ttcoupon-link print-ele-link\"><i class=\"icons-876214\"><\/i> <\/a>\r\n\t\t\t\t\t\t\t\t<\/div>\r\n\t\t\t\t\t\t\t\t<div class=\"tt-col\">\r\n\t\t\t\t\t\t\t\t\tAcceso gratuito al servicio de la nube durante el uso de la tecnolog\u00eda.\t\t\t\t\t\t\t\t<\/div>\r\n\t\t\t\t\t\t\t<\/div>\r\n\t\t\t\t\t\t<\/div>\r\n\t\t\t\t\t<\/div> \r\n\t\t\t\t \t\t\t\r\n\t\t<\/div>\r\n\t<\/div>\r\n<\/div> \r\n\t\t\t\t<\/div>\r\n\t\t\t\t<\/div>\r\n\t\t\t\t\t<\/div>\r\n\t\t<\/div>\r\n\t\t\t\t\t\t\t<\/div>\r\n\t\t<\/section>\r\n\t\t\t\t\t\t\t<\/div>\r\n\t\t","protected":false},"excerpt":{"rendered":"<p>[Promoci\u00f3n] Opciones de Inicio Especial Lavander\u00edaBrillo Primeros 5 meses Calle Francesc Duran i Reynals, 22, 08192, Sant Quirze del Vallesinfo@lavanderiabrillo.es 5 MESES gratuitos RFID. Instalaci\u00f3n Gratuita Instalaci\u00f3n de esc\u00e1ner RFID y flasheo de textiles con etiquetas RFID son gratuitos Lavander\u00edaBrillo Para Clientes Nuevos Calle Francesc Duran i Reynals, 22, 08192, Sant Quirze del Vallesinfo@lavanderiabrillo.es 5% [&hellip;]<\/p>\n","protected":false},"author":1,"featured_media":645,"parent":0,"menu_order":0,"comment_status":"closed","ping_status":"closed","template":"","meta":{"footnotes":""},"class_list":["post-1765","page","type-page","status-publish","has-post-thumbnail","hentry"],"yoast_head":"<!-- This site is optimized with the Yoast SEO plugin v20.4 - https:\/\/yoast.com\/wordpress\/plugins\/seo\/ -->\n<title>Promociones - Lavander\u00eda Brillo<\/title>\n<meta name=\"robots\" content=\"index, follow, max-snippet:-1, max-image-preview:large, max-video-preview:-1\" \/>\n<link rel=\"canonical\" href=\"https:\/\/lavanderiabrillo.es\/?page_id=1765\" \/>\n<meta property=\"og:locale\" content=\"es_ES\" \/>\n<meta property=\"og:type\" content=\"article\" \/>\n<meta property=\"og:title\" content=\"Promociones - Lavander\u00eda Brillo\" \/>\n<meta property=\"og:description\" content=\"[Promoci\u00f3n] Opciones de Inicio Especial Lavander\u00edaBrillo Primeros 5 meses Calle Francesc Duran i Reynals, 22, 08192, Sant Quirze del Vallesinfo@lavanderiabrillo.es 5 MESES gratuitos RFID. Instalaci\u00f3n Gratuita Instalaci\u00f3n de esc\u00e1ner RFID y flasheo de textiles con etiquetas RFID son gratuitos Lavander\u00edaBrillo Para Clientes Nuevos Calle Francesc Duran i Reynals, 22, 08192, Sant Quirze del Vallesinfo@lavanderiabrillo.es 5% [&hellip;]\" \/>\n<meta property=\"og:url\" content=\"https:\/\/lavanderiabrillo.es\/?page_id=1765\" \/>\n<meta property=\"og:site_name\" content=\"Lavander\u00eda Brillo\" \/>\n<meta property=\"article:modified_time\" content=\"2023-04-07T09:40:57+00:00\" \/>\n<meta property=\"og:image\" content=\"https:\/\/lavanderiabrillo.es\/wp-content\/uploads\/2020\/11\/subtitle-wrapper01.jpg\" \/>\n\t<meta property=\"og:image:width\" content=\"1920\" \/>\n\t<meta property=\"og:image:height\" content=\"288\" \/>\n\t<meta property=\"og:image:type\" content=\"image\/jpeg\" \/>\n<meta name=\"twitter:card\" content=\"summary_large_image\" \/>\n<meta name=\"twitter:label1\" content=\"Tiempo de lectura\" \/>\n\t<meta name=\"twitter:data1\" content=\"1 minuto\" \/>\n<script type=\"application\/ld+json\" class=\"yoast-schema-graph\">{\"@context\":\"https:\/\/schema.org\",\"@graph\":[{\"@type\":\"WebPage\",\"@id\":\"https:\/\/lavanderiabrillo.es\/?page_id=1765\",\"url\":\"https:\/\/lavanderiabrillo.es\/?page_id=1765\",\"name\":\"Promociones - Lavander\u00eda Brillo\",\"isPartOf\":{\"@id\":\"https:\/\/lavanderiabrillo.es\/#website\"},\"datePublished\":\"2023-04-02T10:23:59+00:00\",\"dateModified\":\"2023-04-07T09:40:57+00:00\",\"breadcrumb\":{\"@id\":\"https:\/\/lavanderiabrillo.es\/?page_id=1765#breadcrumb\"},\"inLanguage\":\"es\",\"potentialAction\":[{\"@type\":\"ReadAction\",\"target\":[\"https:\/\/lavanderiabrillo.es\/?page_id=1765\"]}]},{\"@type\":\"BreadcrumbList\",\"@id\":\"https:\/\/lavanderiabrillo.es\/?page_id=1765#breadcrumb\",\"itemListElement\":[{\"@type\":\"ListItem\",\"position\":1,\"name\":\"Home\",\"item\":\"https:\/\/lavanderiabrillo.es\/\"},{\"@type\":\"ListItem\",\"position\":2,\"name\":\"Promociones\"}]},{\"@type\":\"WebSite\",\"@id\":\"https:\/\/lavanderiabrillo.es\/#website\",\"url\":\"https:\/\/lavanderiabrillo.es\/\",\"name\":\"Lavander\u00eda Brillo\",\"description\":\"Eficiente y confiable.\",\"publisher\":{\"@id\":\"https:\/\/lavanderiabrillo.es\/#organization\"},\"potentialAction\":[{\"@type\":\"SearchAction\",\"target\":{\"@type\":\"EntryPoint\",\"urlTemplate\":\"https:\/\/lavanderiabrillo.es\/?s={search_term_string}\"},\"query-input\":\"required name=search_term_string\"}],\"inLanguage\":\"es\"},{\"@type\":\"Organization\",\"@id\":\"https:\/\/lavanderiabrillo.es\/#organization\",\"name\":\"Lavander\u00eda Brillo\",\"url\":\"https:\/\/lavanderiabrillo.es\/\",\"logo\":{\"@type\":\"ImageObject\",\"inLanguage\":\"es\",\"@id\":\"https:\/\/lavanderiabrillo.es\/#\/schema\/logo\/image\/\",\"url\":\"https:\/\/lavanderiabrillo.es\/wp-content\/uploads\/2023\/04\/Logo-1.png\",\"contentUrl\":\"https:\/\/lavanderiabrillo.es\/wp-content\/uploads\/2023\/04\/Logo-1.png\",\"width\":1417,\"height\":1218,\"caption\":\"Lavander\u00eda Brillo\"},\"image\":{\"@id\":\"https:\/\/lavanderiabrillo.es\/#\/schema\/logo\/image\/\"}}]}<\/script>\n<!-- \/ Yoast SEO plugin. -->","yoast_head_json":{"title":"Promociones - Lavander\u00eda Brillo","robots":{"index":"index","follow":"follow","max-snippet":"max-snippet:-1","max-image-preview":"max-image-preview:large","max-video-preview":"max-video-preview:-1"},"canonical":"https:\/\/lavanderiabrillo.es\/?page_id=1765","og_locale":"es_ES","og_type":"article","og_title":"Promociones - Lavander\u00eda Brillo","og_description":"[Promoci\u00f3n] Opciones de Inicio Especial Lavander\u00edaBrillo Primeros 5 meses Calle Francesc Duran i Reynals, 22, 08192, Sant Quirze del Vallesinfo@lavanderiabrillo.es 5 MESES gratuitos RFID. Instalaci\u00f3n Gratuita Instalaci\u00f3n de esc\u00e1ner RFID y flasheo de textiles con etiquetas RFID son gratuitos Lavander\u00edaBrillo Para Clientes Nuevos Calle Francesc Duran i Reynals, 22, 08192, Sant Quirze del Vallesinfo@lavanderiabrillo.es 5% [&hellip;]","og_url":"https:\/\/lavanderiabrillo.es\/?page_id=1765","og_site_name":"Lavander\u00eda Brillo","article_modified_time":"2023-04-07T09:40:57+00:00","og_image":[{"width":1920,"height":288,"url":"https:\/\/lavanderiabrillo.es\/wp-content\/uploads\/2020\/11\/subtitle-wrapper01.jpg","type":"image\/jpeg"}],"twitter_card":"summary_large_image","twitter_misc":{"Tiempo de lectura":"1 minuto"},"schema":{"@context":"https:\/\/schema.org","@graph":[{"@type":"WebPage","@id":"https:\/\/lavanderiabrillo.es\/?page_id=1765","url":"https:\/\/lavanderiabrillo.es\/?page_id=1765","name":"Promociones - Lavander\u00eda Brillo","isPartOf":{"@id":"https:\/\/lavanderiabrillo.es\/#website"},"datePublished":"2023-04-02T10:23:59+00:00","dateModified":"2023-04-07T09:40:57+00:00","breadcrumb":{"@id":"https:\/\/lavanderiabrillo.es\/?page_id=1765#breadcrumb"},"inLanguage":"es","potentialAction":[{"@type":"ReadAction","target":["https:\/\/lavanderiabrillo.es\/?page_id=1765"]}]},{"@type":"BreadcrumbList","@id":"https:\/\/lavanderiabrillo.es\/?page_id=1765#breadcrumb","itemListElement":[{"@type":"ListItem","position":1,"name":"Home","item":"https:\/\/lavanderiabrillo.es\/"},{"@type":"ListItem","position":2,"name":"Promociones"}]},{"@type":"WebSite","@id":"https:\/\/lavanderiabrillo.es\/#website","url":"https:\/\/lavanderiabrillo.es\/","name":"Lavander\u00eda Brillo","description":"Eficiente y confiable.","publisher":{"@id":"https:\/\/lavanderiabrillo.es\/#organization"},"potentialAction":[{"@type":"SearchAction","target":{"@type":"EntryPoint","urlTemplate":"https:\/\/lavanderiabrillo.es\/?s={search_term_string}"},"query-input":"required name=search_term_string"}],"inLanguage":"es"},{"@type":"Organization","@id":"https:\/\/lavanderiabrillo.es\/#organization","name":"Lavander\u00eda Brillo","url":"https:\/\/lavanderiabrillo.es\/","logo":{"@type":"ImageObject","inLanguage":"es","@id":"https:\/\/lavanderiabrillo.es\/#\/schema\/logo\/image\/","url":"https:\/\/lavanderiabrillo.es\/wp-content\/uploads\/2023\/04\/Logo-1.png","contentUrl":"https:\/\/lavanderiabrillo.es\/wp-content\/uploads\/2023\/04\/Logo-1.png","width":1417,"height":1218,"caption":"Lavander\u00eda Brillo"},"image":{"@id":"https:\/\/lavanderiabrillo.es\/#\/schema\/logo\/image\/"}}]}},"jetpack_sharing_enabled":true,"_links":{"self":[{"href":"https:\/\/lavanderiabrillo.es\/index.php?rest_route=\/wp\/v2\/pages\/1765","targetHints":{"allow":["GET"]}}],"collection":[{"href":"https:\/\/lavanderiabrillo.es\/index.php?rest_route=\/wp\/v2\/pages"}],"about":[{"href":"https:\/\/lavanderiabrillo.es\/index.php?rest_route=\/wp\/v2\/types\/page"}],"author":[{"embeddable":true,"href":"https:\/\/lavanderiabrillo.es\/index.php?rest_route=\/wp\/v2\/users\/1"}],"replies":[{"embeddable":true,"href":"https:\/\/lavanderiabrillo.es\/index.php?rest_route=%2Fwp%2Fv2%2Fcomments&post=1765"}],"version-history":[{"count":7,"href":"https:\/\/lavanderiabrillo.es\/index.php?rest_route=\/wp\/v2\/pages\/1765\/revisions"}],"predecessor-version":[{"id":1975,"href":"https:\/\/lavanderiabrillo.es\/index.php?rest_route=\/wp\/v2\/pages\/1765\/revisions\/1975"}],"wp:featuredmedia":[{"embeddable":true,"href":"https:\/\/lavanderiabrillo.es\/index.php?rest_route=\/wp\/v2\/media\/645"}],"wp:attachment":[{"href":"https:\/\/lavanderiabrillo.es\/index.php?rest_route=%2Fwp%2Fv2%2Fmedia&parent=1765"}],"curies":[{"name":"wp","href":"https:\/\/api.w.org\/{rel}","templated":true}]}}